{"id":14,"date":"2022-09-01T00:39:06","date_gmt":"2022-08-31T22:39:06","guid":{"rendered":"https:\/\/cacaktangofest.com\/?page_id=14"},"modified":"2024-08-30T14:57:27","modified_gmt":"2024-08-30T12:57:27","slug":"contact","status":"publish","type":"page","link":"https:\/\/cacaktangofest.com\/?page_id=14","title":{"rendered":"Contact"},"content":{"rendered":"\n<div class=\"wp-block-columns alignfull is-layout-flex wp-container-core-columns-is-layout-9d6595d7 wp-block-columns-is-layout-flex\">\n<div class=\"wp-block-column is-layout-flow wp-block-column-is-layout-flow\">\n<div style=\"width: 100%\"><iframe loading=\"lazy\" width=\"100%\" height=\"400\" frameborder=\"0\" scrolling=\"no\" marginheight=\"0\" marginwidth=\"0\" data-src=\"https:\/\/maps.google.com\/maps?width=100%25&amp;height=400&amp;hl=en&amp;q=dom+kulture+cacak&amp;t=&amp;z=14&amp;ie=UTF8&amp;iwloc=B&amp;output=embed\" src=\"data:image\/gif;base64,R0lGODlhAQABAAAAACH5BAEKAAEALAAAAAABAAEAAAICTAEAOw==\" class=\"lazyload\" data-load-mode=\"1\"><\/iframe><\/div>\n\n\n\n<p><\/p>\n<\/div>\n<\/div>\n\n\n\n<div class=\"wp-block-columns container is-layout-flex wp-container-core-columns-is-layout-9d6595d7 wp-block-columns-is-layout-flex\">\n<div class=\"wp-block-column is-vertically-aligned-center is-layout-flow wp-block-column-is-layout-flow\">\n<h2 class=\"wp-block-heading hestia-title\">Send us a message<\/h2>\n\n\n\n<div style=\"height:40px\" aria-hidden=\"true\" class=\"wp-block-spacer\"><\/div>\n\n\n\n<div class=\"contact-wrapper\">\n\t\t\t\t\t\t\t\t\t\t\t\t\t\t\t\t\t\t\t<div class=\"content\">\n\t\t\t\n\t\t\t  <form>\n\t\t\t   <div class=\"form-group\">\n\t\t\t    <input type=\"text\" id=\"fname\" name=\"firstname\" placeholder=\"Your name..\">\n\t\t\t<\/div>\n\t\t\t<div class=\"form-group\">\n\t\t\t    <input type=\"text\" id=\"lname\" name=\"lastname\" placeholder=\"Your last name..\">\n\t\t\t<\/div>\n\t\t\t<div class=\"form-group\">\n\t\t\t    <textarea id=\"subject\" name=\"subject\" placeholder=\"Write something..\" style=\"height:200px\"><\/textarea>\n\t\t\t<\/div>\n\t\t\t    <input type=\"submit\" value=\"Submit\">\n\t\t\t\n\t\t\t  <\/form>\n\t\t\t<\/div>\n\t\t\t<\/div>\n<\/div>\n\n\n\n<div class=\"wp-block-column is-vertically-aligned-center is-layout-flow wp-block-column-is-layout-flow\">\n<div class=\"wp-block-columns is-layout-flex wp-container-core-columns-is-layout-9d6595d7 wp-block-columns-is-layout-flex\">\n<div class=\"wp-block-column is-layout-flow wp-block-column-is-layout-flow\"><\/div>\n\n\n\n<div class=\"wp-block-column is-layout-flow wp-block-column-is-layout-flow\" style=\"flex-basis:50%\">\n<h4 class=\"wp-block-heading has-text-align-left hestia-title has-text-color\" style=\"color:#3c4858;font-size:18px\"><img decoding=\"async\" class=\"wp-image-86 lazyload\" style=\"width: 25px;\" data-src=\"https:\/\/cacaktangofest.com\/wp-content\/themes\/hestia\/assets\/img\/contact1.png\" alt=\"Map icon\" src=\"data:image\/gif;base64,R0lGODlhAQABAAAAACH5BAEKAAEALAAAAAABAAEAAAICTAEAOw==\"><noscript><img decoding=\"async\" class=\"wp-image-86\" style=\"width: 25px;\" src=\"https:\/\/cacaktangofest.com\/wp-content\/themes\/hestia\/assets\/img\/contact1.png\" alt=\"Map icon\"><\/noscript>  <strong>Event location<\/strong><\/h4>\n\n\n\n<p class=\"has-text-align-left has-text-color\" style=\"color:#999999;font-size:14px\">The Culture Center &#8211; \u010ca\u010dak<br>\u010ca\u010dak Gymnasium<br>Serbia<\/p>\n\n\n\n<div style=\"height:40px\" aria-hidden=\"true\" class=\"wp-block-spacer\"><\/div>\n\n\n\n<h4 class=\"wp-block-heading has-text-align-left hestia-title has-text-color\" style=\"color:#3c4858;font-size:18px\"><img decoding=\"async\" class=\"wp-image-98 lazyload\" style=\"width: 25px;\" data-src=\"https:\/\/cacaktangofest.com\/wp-content\/themes\/hestia\/assets\/img\/contact2.png\" alt=\"\" src=\"data:image\/gif;base64,R0lGODlhAQABAAAAACH5BAEKAAEALAAAAAABAAEAAAICTAEAOw==\"><noscript><img decoding=\"async\" class=\"wp-image-98\" style=\"width: 25px;\" src=\"https:\/\/cacaktangofest.com\/wp-content\/themes\/hestia\/assets\/img\/contact2.png\" alt=\"\"><\/noscript>  <strong><strong>Social networks<\/strong><\/strong><\/h4>\n\n\n\n<p><a href=\"https:\/\/www.instagram.com\/cacaktangofest\/\">@cacaktangofest<\/a><\/p>\n\n\n\n<p><a href=\"https:\/\/www.facebook.com\/cacaktangofest\" data-type=\"URL\" data-id=\"https:\/\/www.facebook.com\/cacaktangofest\">Official Facebook page<\/a><\/p>\n<\/div>\n\n\n\n<div class=\"wp-block-column is-layout-flow wp-block-column-is-layout-flow\"><\/div>\n<\/div>\n<\/div>\n<\/div>\n\n\n\n<p><\/p>\n","protected":false},"excerpt":{"rendered":"<p>Send us a message Event location The Culture Center &#8211; \u010ca\u010dak\u010ca\u010dak GymnasiumSerbia Social networks @cacaktangofest Official Facebook page<\/p>\n","protected":false},"author":1,"featured_media":37,"parent":0,"menu_order":0,"comment_status":"closed","ping_status":"closed","template":"page-templates\/template-pagebuilder-full-width.php","meta":{"footnotes":""},"class_list":["post-14","page","type-page","status-publish","has-post-thumbnail","hentry"],"yoast_head":"<!-- This site is optimized with the Yoast SEO plugin v23.4 - https:\/\/yoast.com\/wordpress\/plugins\/seo\/ -->\n<title>Contact - \u010ca\u010dak Tango Festival<\/title>\n<meta name=\"robots\" content=\"index, follow, max-snippet:-1, max-image-preview:large, max-video-preview:-1\" \/>\n<link rel=\"canonical\" href=\"https:\/\/cacaktangofest.com\/?page_id=14\" \/>\n<meta property=\"og:locale\" content=\"en_US\" \/>\n<meta property=\"og:type\" content=\"article\" \/>\n<meta property=\"og:title\" content=\"Contact - \u010ca\u010dak Tango Festival\" \/>\n<meta property=\"og:description\" content=\"Send us a message Event location The Culture Center &#8211; \u010ca\u010dak\u010ca\u010dak GymnasiumSerbia Social networks @cacaktangofest Official Facebook page\" \/>\n<meta property=\"og:url\" content=\"https:\/\/cacaktangofest.com\/?page_id=14\" \/>\n<meta property=\"og:site_name\" content=\"\u010ca\u010dak Tango Festival\" \/>\n<meta property=\"article:publisher\" content=\"https:\/\/www.facebook.com\/cacaktangofest\/\" \/>\n<meta property=\"article:modified_time\" content=\"2024-08-30T12:57:27+00:00\" \/>\n<meta property=\"og:image\" content=\"https:\/\/cacaktangofest.com\/wp-content\/uploads\/2022\/09\/Cacak-Tango-icon.png\" \/>\n\t<meta property=\"og:image:width\" content=\"512\" \/>\n\t<meta property=\"og:image:height\" content=\"512\" \/>\n\t<meta property=\"og:image:type\" content=\"image\/png\" \/>\n<meta name=\"twitter:card\" content=\"summary_large_image\" \/>\n<meta name=\"twitter:label1\" content=\"Est. reading time\" \/>\n\t<meta name=\"twitter:data1\" content=\"1 minute\" \/>\n<script type=\"application\/ld+json\" class=\"yoast-schema-graph\">{\"@context\":\"https:\/\/schema.org\",\"@graph\":[{\"@type\":\"WebPage\",\"@id\":\"https:\/\/cacaktangofest.com\/?page_id=14\",\"url\":\"https:\/\/cacaktangofest.com\/?page_id=14\",\"name\":\"Contact - \u010ca\u010dak Tango Festival\",\"isPartOf\":{\"@id\":\"https:\/\/cacaktangofest.com\/#website\"},\"primaryImageOfPage\":{\"@id\":\"https:\/\/cacaktangofest.com\/?page_id=14#primaryimage\"},\"image\":{\"@id\":\"https:\/\/cacaktangofest.com\/?page_id=14#primaryimage\"},\"thumbnailUrl\":\"https:\/\/cacaktangofest.com\/wp-content\/uploads\/2022\/09\/Cacak-Tango-icon.png\",\"datePublished\":\"2022-08-31T22:39:06+00:00\",\"dateModified\":\"2024-08-30T12:57:27+00:00\",\"breadcrumb\":{\"@id\":\"https:\/\/cacaktangofest.com\/?page_id=14#breadcrumb\"},\"inLanguage\":\"en-US\",\"potentialAction\":[{\"@type\":\"ReadAction\",\"target\":[\"https:\/\/cacaktangofest.com\/?page_id=14\"]}]},{\"@type\":\"ImageObject\",\"inLanguage\":\"en-US\",\"@id\":\"https:\/\/cacaktangofest.com\/?page_id=14#primaryimage\",\"url\":\"https:\/\/cacaktangofest.com\/wp-content\/uploads\/2022\/09\/Cacak-Tango-icon.png\",\"contentUrl\":\"https:\/\/cacaktangofest.com\/wp-content\/uploads\/2022\/09\/Cacak-Tango-icon.png\",\"width\":512,\"height\":512},{\"@type\":\"BreadcrumbList\",\"@id\":\"https:\/\/cacaktangofest.com\/?page_id=14#breadcrumb\",\"itemListElement\":[{\"@type\":\"ListItem\",\"position\":1,\"name\":\"Home\",\"item\":\"https:\/\/cacaktangofest.com\/\"},{\"@type\":\"ListItem\",\"position\":2,\"name\":\"Contact\"}]},{\"@type\":\"WebSite\",\"@id\":\"https:\/\/cacaktangofest.com\/#website\",\"url\":\"https:\/\/cacaktangofest.com\/\",\"name\":\"\u010ca\u010dak Tango Festival\",\"description\":\"International tango festival in \u010ca\u010dak\",\"publisher\":{\"@id\":\"https:\/\/cacaktangofest.com\/#organization\"},\"potentialAction\":[{\"@type\":\"SearchAction\",\"target\":{\"@type\":\"EntryPoint\",\"urlTemplate\":\"https:\/\/cacaktangofest.com\/?s={search_term_string}\"},\"query-input\":{\"@type\":\"PropertyValueSpecification\",\"valueRequired\":true,\"valueName\":\"search_term_string\"}}],\"inLanguage\":\"en-US\"},{\"@type\":\"Organization\",\"@id\":\"https:\/\/cacaktangofest.com\/#organization\",\"name\":\"Udru\u017eenje Panartist \u010ca\u010dak\",\"url\":\"https:\/\/cacaktangofest.com\/\",\"logo\":{\"@type\":\"ImageObject\",\"inLanguage\":\"en-US\",\"@id\":\"https:\/\/cacaktangofest.com\/#\/schema\/logo\/image\/\",\"url\":\"https:\/\/cacaktangofest.com\/wp-content\/uploads\/2022\/09\/Cacak-Tango-header-transparent.png\",\"contentUrl\":\"https:\/\/cacaktangofest.com\/wp-content\/uploads\/2022\/09\/Cacak-Tango-header-transparent.png\",\"width\":700,\"height\":166,\"caption\":\"Udru\u017eenje Panartist \u010ca\u010dak\"},\"image\":{\"@id\":\"https:\/\/cacaktangofest.com\/#\/schema\/logo\/image\/\"},\"sameAs\":[\"https:\/\/www.facebook.com\/cacaktangofest\/\",\"https:\/\/www.instagram.com\/cacaktangofest\/\"]}]}<\/script>\n<!-- \/ Yoast SEO plugin. -->","yoast_head_json":{"title":"Contact - \u010ca\u010dak Tango Festival","robots":{"index":"index","follow":"follow","max-snippet":"max-snippet:-1","max-image-preview":"max-image-preview:large","max-video-preview":"max-video-preview:-1"},"canonical":"https:\/\/cacaktangofest.com\/?page_id=14","og_locale":"en_US","og_type":"article","og_title":"Contact - \u010ca\u010dak Tango Festival","og_description":"Send us a message Event location The Culture Center &#8211; \u010ca\u010dak\u010ca\u010dak GymnasiumSerbia Social networks @cacaktangofest Official Facebook page","og_url":"https:\/\/cacaktangofest.com\/?page_id=14","og_site_name":"\u010ca\u010dak Tango Festival","article_publisher":"https:\/\/www.facebook.com\/cacaktangofest\/","article_modified_time":"2024-08-30T12:57:27+00:00","og_image":[{"width":512,"height":512,"url":"https:\/\/cacaktangofest.com\/wp-content\/uploads\/2022\/09\/Cacak-Tango-icon.png","type":"image\/png"}],"twitter_card":"summary_large_image","twitter_misc":{"Est. reading time":"1 minute"},"schema":{"@context":"https:\/\/schema.org","@graph":[{"@type":"WebPage","@id":"https:\/\/cacaktangofest.com\/?page_id=14","url":"https:\/\/cacaktangofest.com\/?page_id=14","name":"Contact - \u010ca\u010dak Tango Festival","isPartOf":{"@id":"https:\/\/cacaktangofest.com\/#website"},"primaryImageOfPage":{"@id":"https:\/\/cacaktangofest.com\/?page_id=14#primaryimage"},"image":{"@id":"https:\/\/cacaktangofest.com\/?page_id=14#primaryimage"},"thumbnailUrl":"https:\/\/cacaktangofest.com\/wp-content\/uploads\/2022\/09\/Cacak-Tango-icon.png","datePublished":"2022-08-31T22:39:06+00:00","dateModified":"2024-08-30T12:57:27+00:00","breadcrumb":{"@id":"https:\/\/cacaktangofest.com\/?page_id=14#breadcrumb"},"inLanguage":"en-US","potentialAction":[{"@type":"ReadAction","target":["https:\/\/cacaktangofest.com\/?page_id=14"]}]},{"@type":"ImageObject","inLanguage":"en-US","@id":"https:\/\/cacaktangofest.com\/?page_id=14#primaryimage","url":"https:\/\/cacaktangofest.com\/wp-content\/uploads\/2022\/09\/Cacak-Tango-icon.png","contentUrl":"https:\/\/cacaktangofest.com\/wp-content\/uploads\/2022\/09\/Cacak-Tango-icon.png","width":512,"height":512},{"@type":"BreadcrumbList","@id":"https:\/\/cacaktangofest.com\/?page_id=14#breadcrumb","itemListElement":[{"@type":"ListItem","position":1,"name":"Home","item":"https:\/\/cacaktangofest.com\/"},{"@type":"ListItem","position":2,"name":"Contact"}]},{"@type":"WebSite","@id":"https:\/\/cacaktangofest.com\/#website","url":"https:\/\/cacaktangofest.com\/","name":"\u010ca\u010dak Tango Festival","description":"International tango festival in \u010ca\u010dak","publisher":{"@id":"https:\/\/cacaktangofest.com\/#organization"},"potentialAction":[{"@type":"SearchAction","target":{"@type":"EntryPoint","urlTemplate":"https:\/\/cacaktangofest.com\/?s={search_term_string}"},"query-input":{"@type":"PropertyValueSpecification","valueRequired":true,"valueName":"search_term_string"}}],"inLanguage":"en-US"},{"@type":"Organization","@id":"https:\/\/cacaktangofest.com\/#organization","name":"Udru\u017eenje Panartist \u010ca\u010dak","url":"https:\/\/cacaktangofest.com\/","logo":{"@type":"ImageObject","inLanguage":"en-US","@id":"https:\/\/cacaktangofest.com\/#\/schema\/logo\/image\/","url":"https:\/\/cacaktangofest.com\/wp-content\/uploads\/2022\/09\/Cacak-Tango-header-transparent.png","contentUrl":"https:\/\/cacaktangofest.com\/wp-content\/uploads\/2022\/09\/Cacak-Tango-header-transparent.png","width":700,"height":166,"caption":"Udru\u017eenje Panartist \u010ca\u010dak"},"image":{"@id":"https:\/\/cacaktangofest.com\/#\/schema\/logo\/image\/"},"sameAs":["https:\/\/www.facebook.com\/cacaktangofest\/","https:\/\/www.instagram.com\/cacaktangofest\/"]}]}},"_links":{"self":[{"href":"https:\/\/cacaktangofest.com\/index.php?rest_route=\/wp\/v2\/pages\/14","targetHints":{"allow":["GET"]}}],"collection":[{"href":"https:\/\/cacaktangofest.com\/index.php?rest_route=\/wp\/v2\/pages"}],"about":[{"href":"https:\/\/cacaktangofest.com\/index.php?rest_route=\/wp\/v2\/types\/page"}],"author":[{"embeddable":true,"href":"https:\/\/cacaktangofest.com\/index.php?rest_route=\/wp\/v2\/users\/1"}],"replies":[{"embeddable":true,"href":"https:\/\/cacaktangofest.com\/index.php?rest_route=%2Fwp%2Fv2%2Fcomments&post=14"}],"version-history":[{"count":4,"href":"https:\/\/cacaktangofest.com\/index.php?rest_route=\/wp\/v2\/pages\/14\/revisions"}],"predecessor-version":[{"id":281,"href":"https:\/\/cacaktangofest.com\/index.php?rest_route=\/wp\/v2\/pages\/14\/revisions\/281"}],"wp:featuredmedia":[{"embeddable":true,"href":"https:\/\/cacaktangofest.com\/index.php?rest_route=\/wp\/v2\/media\/37"}],"wp:attachment":[{"href":"https:\/\/cacaktangofest.com\/index.php?rest_route=%2Fwp%2Fv2%2Fmedia&parent=14"}],"curies":[{"name":"wp","href":"https:\/\/api.w.org\/{rel}","templated":true}]}}